{"id":546,"date":"2023-12-14T12:02:28","date_gmt":"2023-12-14T12:02:28","guid":{"rendered":"https:\/\/sftecnic.com\/?page_id=546"},"modified":"2023-12-14T12:25:31","modified_gmt":"2023-12-14T12:25:31","slug":"politica-de-privacidad","status":"publish","type":"page","link":"https:\/\/sftecnic.com\/es\/politica-de-privacidad\/","title":{"rendered":"Pol\u00edtica de privacidad"},"content":{"rendered":"\n<p><strong>RESPONSABLE DEL TRATAMIENTO<\/strong><\/p>\n\n\n\n<p>Identidad:<strong>\u00a0Samuel Fuentes<\/strong><\/p>\n\n\n\n<p>NIF:\u00a0<strong>46469739X<\/strong><\/p>\n\n\n\n<p>Correo Electr\u00f3nico:&nbsp;<strong>&nbsp;<\/strong><strong><a href=\"mailto:info@sftecnic.com\">info@sftecnic.com<\/a><\/strong><\/p>\n\n\n\n<p><strong>Samuel Fuentes,<\/strong> (en adelante el prestador), como responsable del Sitio Web, de conformidad con lo que dispone el Reglamento (UE) 2016\/679 de 27 de abril de 2016 (RGPD), relativo a la protecci\u00f3n de las personas f\u00edsicas en cuanto al tratamiento de datos personales y a la libre circulaci\u00f3n de estos datos, y dem\u00e1s normativa vigente en materia de protecci\u00f3n de datos personales, y por la Ley 34\/2002, de 11 de julio, de Servicios de la Sociedad de la Informaci\u00f3n y del Comercio Electr\u00f3nico (LSSICE), le informa que tiene implementadas las medidas de seguridad necesarias, de \u00edndole t\u00e9cnica y organizativas, para garantizar y proteger la confidencialidad, integridad y disponibilidad de los datos introducidos.<\/p>\n\n\n\n<p><strong>FINALIDAD DEL TRATAMIENTO<\/strong><\/p>\n\n\n\n<p>Sus datos personales s\u00f3lo se utilizar\u00e1n para las siguientes finalidades:<\/p>\n\n\n\n<p>\u2013 Realizar las gestiones comerciales y administrativas necesarias con los Usuarios de la Web.<\/p>\n\n\n\n<p>\u2013 Responder a las consultas y\/o proporcionar informaciones requeridas por el Usuario.<\/p>\n\n\n\n<p>\u2013 Realizar las prestaciones de servicios y\/o productos contratados, o subscritos por el Usuario.<\/p>\n\n\n\n<p>\u2013 Remitir en su caso las comunicaciones comerciales publicitarias (email, fax, SMS, MMS, comunidades sociales o cualquiera otro medio electr\u00f3nico o f\u00edsico), en el caso de que el Usuario haya consentido expresamente al env\u00edo de comunicaciones comerciales por v\u00eda electr\u00f3nica mediante la suscripci\u00f3n de la Newsletter.<\/p>\n\n\n\n<p>\u2013 Utilizar sus datos para contactarle, tanto por v\u00eda electr\u00f3nica, como no electr\u00f3nica, para obtener su opini\u00f3n sobre el servicio prestado.<\/p>\n\n\n\n<p>\u2013 Notificarle cambios, desarrollos importantes de la pol\u00edtica de privacidad, aviso legal o pol\u00edtica de cookies.<\/p>\n\n\n\n<p>Puede revocar en cualquier momento su consentimiento remitiendo un escrito con el asunto \u201cBaja\u201d al correo antes facilitado.<\/p>\n\n\n\n<p>De acuerdo con la LSSICE, no realizamos pr\u00e1cticas de SPAM, por lo tanto, no enviamos correos comerciales por e-mail que no hayan sido previamente solicitados, o autorizados por el Usuario. En consecuencia, en todas las comunicaciones que recibir\u00e1 del prestador, el usuario tiene la posibilidad de cancelar su consentimiento expreso para recibir nuestras comunicaciones.<\/p>\n\n\n\n<p>No trataremos sus datos personales para ninguna otra finalidad de las descritas salvo por obligaci\u00f3n legal o requerimiento judicial.<\/p>\n\n\n\n<p><strong>CONSERVACI\u00d3N DE SUS DATOS<\/strong><\/p>\n\n\n\n<p>Sus datos se conservar\u00e1n mientras dure la relaci\u00f3n comercial con nosotros, o ejercite su derecho de cancelaci\u00f3n u oposici\u00f3n, o limitaci\u00f3n al tratamiento.<\/p>\n\n\n\n<p>Sin embargo, conservaremos determinados datos personales identificativos y del tr\u00e1fico, durante el plazo m\u00e1ximo de 2 a\u00f1os para el caso de que fuera requerido por los Jueces y Tribunales, o para incoar acciones internas derivadas del uso indebido de la p\u00e1gina Web.<\/p>\n\n\n\n<p>No ser\u00e1 objeto de decisiones basadas en tratamientos automatizados que produzcan efectos sobre sus datos.<\/p>\n\n\n\n<p><strong>LEGITIMACI\u00d3N DEL TRATAMIENTO<\/strong><\/p>\n\n\n\n<p>La base legal para el tratamiento de los datos, es su consentimiento otorgado para llevar a cabo las finalidades anteriormente descritas, que se solicitar\u00e1 en el momento de marcado de la casilla correspondiente a la hora de recoger sus datos.<\/p>\n\n\n\n<p>El no facilitar los datos personales solicitados, o el no aceptar la presente pol\u00edtica de protecci\u00f3n de datos, supone la imposibilidad de subscribirse, registrarse o recibir informaci\u00f3n de los productos y servicios del&nbsp;<strong>prestador<\/strong>.<\/p>\n\n\n\n<p><strong>COMUNICACIONES<\/strong><\/p>\n\n\n\n<p>Cualquier comunicaci\u00f3n remitida quedar\u00e1 incorporada a nuestros sistemas de informaci\u00f3n. Al aceptar las presentes condiciones, t\u00e9rminos y pol\u00edticas, el Usuario consiente expresamente que&nbsp;<strong>el prestador,<\/strong>&nbsp;realice las siguientes actividades y\/o acciones, salvo que el Usuario indique lo contrario:<\/p>\n\n\n\n<ul class=\"wp-block-list\">\n<li>El env\u00edo de comunicaciones comerciales y\/o promocionales por cualquier medio habilitado, informando a los Usuarios de las actividades, servicios, promociones, publicidad, noticias, ofertas y dem\u00e1s informaci\u00f3n sobre los servicios y productos relacionados con la actividad.<\/li>\n\n\n\n<li>En caso que el Usuario haya consentido expresamente el env\u00edo de comunicaciones comerciales por v\u00eda electr\u00f3nica, mediante la suscripci\u00f3n a la Newsletter, el env\u00edo de dichas comunicaciones por medios electr\u00f3nicos, informando a los Usuarios de las actividades, servicios, promociones, publicidad, noticias, ofertas y dem\u00e1s informaci\u00f3n sobre los servicios y productos del<strong>&nbsp;prestador<\/strong>, iguales o similares, a los que fueron inicialmente objeto de contrataci\u00f3n o de inter\u00e9s por el Usuario.<\/li>\n\n\n\n<li>La conservaci\u00f3n de los datos durante los plazos previstos en las disposiciones aplicables.<\/li>\n<\/ul>\n\n\n\n<p><strong>MEDIOS OFICIALES DE COMUNICACI\u00d3N<\/strong><\/p>\n\n\n\n<p>Se informa al Usuario que los medios habilitados por&nbsp;<strong>el prestador,<\/strong>&nbsp;para comunicarse con clientes u otros, son el tel\u00e9fono corporativo, los tel\u00e9fonos m\u00f3viles de empresa y el correo electr\u00f3nico corporativo.<\/p>\n\n\n\n<p>Si Vd. remite informaci\u00f3n personal a trav\u00e9s de un medio de comunicaci\u00f3n distinto a los indicados en este apartado,&nbsp;<strong>el prestador<\/strong>, quedar\u00e1 exenta de responsabilidad en relaci\u00f3n con las medidas de seguridad que disponga el medio en cuesti\u00f3n.<\/p>\n\n\n\n<p><strong>DESTINATARIOS DE CESIONES O TRANSFERENCIAS<\/strong><\/p>\n\n\n\n<p><strong>El prestador<\/strong>, no ceder\u00e1 a terceros los datos personales &nbsp;recogidos, ni nacional ni internacionalmente, salvo que exista necesidad razonable para cumplir con un procedimiento judicial, obligaci\u00f3n legal o previa obtenci\u00f3n del consentimiento del usuario.<\/p>\n\n\n\n<p>La informaci\u00f3n que usted nos proporcione, ser\u00e1 alojada en los servidores del<strong>&nbsp;prestador.<\/strong><\/p>\n\n\n\n<p><strong>DERECHOS DE LAS PERSONAS INTERESADAS<\/strong><\/p>\n\n\n\n<p>Como usuario-interesado, puede solicitar el ejercicio de los siguientes derechos, ante&nbsp;<strong>el prestador,<\/strong>&nbsp;presentando un escrito en la direcci\u00f3n postal, o email del encabezamiento, indicando como Asunto: \u201cLOPD, EJERCICIO DERECHOS\u201d, y adjuntando fotocopia de su DNI o cualquier medio an\u00e1logo en derecho, tal y como indica la ley.<\/p>\n\n\n\n<p><strong>Derechos:<\/strong><\/p>\n\n\n\n<ul class=\"wp-block-list\">\n<li><strong>Derecho de acceso:<\/strong>&nbsp;permite al interesado conocer y obtener informaci\u00f3n sobre sus datos de car\u00e1cter personal sometidos a tratamiento.<\/li>\n\n\n\n<li><strong>Derecho de rectificaci\u00f3n o supresi\u00f3n:<\/strong>&nbsp;permite corregir errores y modificar los datos que resulten ser inexactos o incompletos.<\/li>\n\n\n\n<li><strong>Derecho de cancelaci\u00f3n:<\/strong>&nbsp;permite que se supriman los datos que resulten ser inadecuados o excesivos.<\/li>\n\n\n\n<li><strong>Derecho de oposici\u00f3n:<\/strong>&nbsp;derecho del interesado a que no se lleve a cabo el tratamiento de sus datos de car\u00e1cter personal o se cese en el mismo.<\/li>\n\n\n\n<li><strong>Limitaci\u00f3n del tratamiento:<\/strong>&nbsp;conlleva el marcado de los datos personales conservados, con la finalidad de limitar su futuro tratamiento.<\/li>\n\n\n\n<li><strong>Portabilidad de los datos:<\/strong>&nbsp;facilitaci\u00f3n de los datos objeto de tratamiento al interesado, a fin de que \u00e9ste pueda transmitirlos a otro responsable, sin impedimentos.<\/li>\n\n\n\n<li><strong>Derecho a no ser objeto de decisiones individuales automatizadas (incluida la elaboraci\u00f3n de perfiles):<\/strong>&nbsp;derecho a no ser objeto de una decisi\u00f3n basada en el tratamiento automatizado que produzca efectos o afecte significativamente.<\/li>\n<\/ul>\n\n\n\n<p>Como Usuario, tiene derecho a retirar el consentimiento prestado en cualquier momento. La retirada del consentimiento no afectar\u00e1 a la licitud del tratamiento, efectuado antes de la retirada del consentimiento.<\/p>\n\n\n\n<p>Puedes solicitar la revisi\u00f3n de tus datos en este&nbsp;<a href=\"https:\/\/myhappyidea.com\/politica-de-privacidad\/#revision\">formulario<\/a>&nbsp;y el borrado en este<a href=\"https:\/\/myhappyidea.com\/politica-de-privacidad\/#borrado\">&nbsp;otro<\/a>.<\/p>\n\n\n\n<p>Tambi\u00e9n tiene derecho a presentar una reclamaci\u00f3n ante la autoridad de control, si considera que pueden haberse visto vulnerados sus derechos con relaci\u00f3n a la protecci\u00f3n de sus datos (agpd.es).<\/p>\n\n\n\n<p><strong>INFORMACI\u00d3N ADICIONAL<\/strong><\/p>\n\n\n\n<p><strong>INFORMACI\u00d3N QUE RECABAMOS:<\/strong><\/p>\n\n\n\n<p>Los datos recogidos por parte del responsable son los siguientes:<\/p>\n\n\n\n<p>\u2013 Aquellos que los Usuarios suministren en los diferentes formularios previstos en la p\u00e1gina web.<\/p>\n\n\n\n<p>\u2013 Datos recogidos a trav\u00e9s de las \u201ccookies\u201d si fuera el caso, para la mejora de la experiencia de la navegaci\u00f3n seg\u00fan se informa en la pol\u00edtica de cookies.<\/p>\n\n\n\n<p>La negativa a suministrar los datos obligatorios supondr\u00e1 la imposibilidad de atender la concreta solicitud de que se trate. Usted manifiesta que la informaci\u00f3n y los datos que nos facilita son exactos, actuales y veraces. Le rogamos que en caso de modificaci\u00f3n, comunique inmediatamente la misma a fin de que la informaci\u00f3n en tratamiento est\u00e9 en todo momento actualizada y no contenga errores.<\/p>\n\n\n\n<p>Si contratar\u00e1 un servicio\/producto, mediante nuestra p\u00e1gina Web, le solicitaremos que nos proporcione informaci\u00f3n sobre usted, y se le podr\u00eda solicitar informaci\u00f3n sobre una tarjeta de cr\u00e9dito o de d\u00e9bito o cuenta bancaria en caso que opte por el pago a trav\u00e9s de la Web.<\/p>\n\n\n\n<p>A trav\u00e9s de esta Pol\u00edtica de Privacidad le informamos que las fotograf\u00edas que est\u00e9n colgadas en la Web son propiedad del<strong>&nbsp;prestador<\/strong>, incluyendo las de los menores, en las que, para la obtenci\u00f3n de \u00e9stas, se ha obtenido el consentimiento previo de los padres, tutores o representantes legales, o se han comprado a terceros pagando los derechos de uso.<\/p>\n\n\n\n<p><strong>REDES SOCIALES<\/strong><\/p>\n\n\n\n<p>Le informamos que podemos tener presencia en redes sociales. El tratamiento de los datos que se lleve a cabo de las personas que se hagan seguidoras en las redes sociales, (y\/o realicen cualquier v\u00ednculo o acci\u00f3n de conexi\u00f3n a trav\u00e9s de las redes sociales), de las p\u00e1ginas oficiales del<strong>&nbsp;prestador,<\/strong>&nbsp;se regir\u00e1 por este apartado, as\u00ed como por aquellas condiciones de uso, pol\u00edticas de privacidad y normativas de acceso que pertenezcan a la red social que proceda en cada caso y aceptadas previamente por el usuario.<\/p>\n\n\n\n<p><strong>El prestador,<\/strong>&nbsp;tratar\u00e1 sus datos con las finalidades de administrar correctamente su presencia en la red social, inform\u00e1ndole de actividades, productos o servicios, as\u00ed como para cualquier otra finalidad que las normativas de las Redes Sociales permitan.<\/p>\n\n\n\n<p>Queda prohibida la publicaci\u00f3n de contenidos:<\/p>\n\n\n\n<p>\u2013 Que atenten contra los derechos fundamentales de las personas, falten a la cortes\u00eda en la red, molesten o puedan generar opiniones negativas en nuestros Usuarios o terceros y en general cualesquiera sean los contenidos que&nbsp;<strong>el prestador<\/strong>, considere inapropiados.<\/p>\n\n\n\n<p>\u2013 Y en general que contravengan los principios de legalidad, honradez, responsabilidad, protecci\u00f3n de la dignidad humana, protecci\u00f3n de menores, protecci\u00f3n del orden p\u00fablico, la protecci\u00f3n de la vida privada, la protecci\u00f3n del consumidor y los derechos de propiedad intelectual e industrial.<\/p>\n\n\n\n<p>Asimismo,&nbsp;<strong>el prestador<\/strong>, se reserva la potestad de retirar, sin previo aviso del sitio Web o de la red social corporativa, aquellos contenidos que se consideren inapropiados.<\/p>\n\n\n\n<p>Las comunicaciones remitidas a trav\u00e9s de las redes sociales ser\u00e1n incorporadas a un archivo propiedad del<strong>&nbsp;prestador<\/strong>, pudi\u00e9ndole enviar informaci\u00f3n de su inter\u00e9s.<\/p>\n\n\n\n<p>En todo caso, si Vd. remite informaci\u00f3n personal a trav\u00e9s de la red social,&nbsp;<strong>el prestador,<\/strong>&nbsp;quedar\u00e1 exenta de responsabilidad en relaci\u00f3n a las medidas de seguridad aplicables a la presente plataforma, debiendo el usuario en caso de querer conocerlas, consultar las correspondientes condiciones particulares de la red en cuesti\u00f3n.<\/p>\n\n\n\n<p><strong>MEDIDAS DE SEGURIDAD:<\/strong><\/p>\n\n\n\n<p>Los datos que nos facilite se tratar\u00e1n de forma confidencial.&nbsp;<strong>El prestador,<\/strong>&nbsp;ha adoptado todas las medidas t\u00e9cnicas y organizativas, y todos los niveles de protecci\u00f3n necesarios, para garantizar la seguridad en el tratamiento de los datos y evitar su alteraci\u00f3n, p\u00e9rdida, robo, tratamiento o acceso no autorizado, de acuerdo el estado de la tecnolog\u00eda y naturaleza de los datos almacenados. As\u00ed mismo, se garantiza tambi\u00e9n que el tratamiento y registro en ficheros, programas, sistemas o equipos, locales y centros, cumplen con los requisitos y condiciones de integridad y seguridad establecidas en la normativa vigente.<\/p>\n\n\n\n<p><strong>IDIOMA<\/strong><\/p>\n\n\n\n<p>El idioma aplicable a esta Pol\u00edtica de Privacidad es el espa\u00f1ol. Por tanto, en el caso que estuviera en varios idiomas y, hubiera alguna contradicci\u00f3n en alguna de las versiones facilitadas en otros idiomas, prevalecer\u00e1 la versi\u00f3n en espa\u00f1ol.<\/p>\n\n\n\n<p><strong>ENV\u00cdO CV<\/strong><\/p>\n\n\n\n<p>En el supuesto de que el usuario env\u00ede su CV a trav\u00e9s de nuestra web, le informamos que los datos aportados ser\u00e1n tratados, para hacerlo part\u00edcipe de los procesos de selecci\u00f3n que pueda haber, llevando a cabo un an\u00e1lisis del perfil del solicitante con el objetivo de seleccionar el mejor candidato para el lugar vacante. En caso de producirse alguna modificaci\u00f3n en los datos, le rogamos nos lo comunique por escrito lo m\u00e1s ante posible, con objeto de mantener sus datos debidamente actualizados.<\/p>\n\n\n\n<p>Los datos se conservar\u00e1n durante un plazo m\u00e1ximo de un a\u00f1o, transcurrido el cual se proceder\u00e1 a la supresi\u00f3n de los datos, garantiz\u00e1ndole un total respeto a la confidencialidad, tanto en el tratamiento, como en su posterior destrucci\u00f3n.<\/p>\n\n\n\n<p>En este sentido, transcurrido el mencionado plazo, y si desea continuar participando en los procesos de selecci\u00f3n del<strong>&nbsp;prestador<\/strong>, le rogamos nos remita nuevamente su curr\u00edculum.<\/p>\n\n\n\n<p><strong>SUBSCRIPCI\u00d3N AL BLOG<\/strong><\/p>\n\n\n\n<p>En el supuesto que tengamos activo un blog, el usuario se subscriba al mismo, le informamos que los datos aportados ser\u00e1n tratados para gestionar su suscripci\u00f3n al blog informativo, con aviso de actualizaci\u00f3n y que se conservar\u00e1n mientras haya un inter\u00e9s mutuo para mantener el fin del tratamiento. Cuando ya no sea necesario para tal fin, se suprimir\u00e1n con medidas de seguridad adecuadas para garantizar la seudonimizaci\u00f3n de los datos, o destrucci\u00f3n total de los mismos. No se comunicar\u00e1n los datos a terceros, excepto obligaci\u00f3n legal.<\/p>\n\n\n\n<p><strong>PUBLICACI\u00d3N DE SU TESTIMONIO<\/strong><\/p>\n\n\n\n<p>En el supuesto de que el usuario quiera publicar su opini\u00f3n en la Web, o p\u00e1ginas similares del<strong>&nbsp;prestador<\/strong>, le informamos que los datos aportados ser\u00e1n tratados para atender las sugerencias propuestas, experiencias u opiniones, y as\u00ed poder ayudar a otros Usuarios.<\/p>\n\n\n\n<p><strong>CAMBIOS EN LA PRESENTE POL\u00cdTICA DE PRIVACIDAD<\/strong><\/p>\n\n\n\n<p><strong>El prestador,<\/strong>&nbsp;se reserva el derecho a modificar la presente pol\u00edtica para adaptarla a novedades legislativas o jurisprudenciales.<\/p>\n\n\n\n<p><strong>LEGISLACI\u00d3N<\/strong><\/p>\n\n\n\n<p>A todos los efectos, las relaciones entre&nbsp;<strong>el prestador,<\/strong>&nbsp;y los Usuarios de sus servicios telem\u00e1ticos, presentes en esta Web, est\u00e1n sometidos a la legislaci\u00f3n y jurisdicci\u00f3n espa\u00f1ola a la que se someten expresamente las partes, siendo competentes por la resoluci\u00f3n de todos los conflictos derivados o relacionados con su uso, los Juzgados y Tribunales de Madrid.<\/p>\n","protected":false},"excerpt":{"rendered":"<p>RESPONSABLE DEL TRATAMIENTO Identidad:\u00a0Samuel Fuentes NIF:\u00a046469739X Correo Electr\u00f3nico:&nbsp;&nbsp;info@sftecnic.com Samuel Fuentes, (en adelante el prestador), como responsable del Sitio Web, de conformidad con lo que dispone el Reglamento (UE) 2016\/679 de 27 de abril de 2016 (RGPD), relativo a la protecci\u00f3n de las personas f\u00edsicas en cuanto al tratamiento de datos personales y a la libre [&hellip;]<\/p>\n","protected":false},"author":3,"featured_media":0,"parent":0,"menu_order":0,"comment_status":"closed","ping_status":"closed","template":"","meta":{"_joinchat":[],"footnotes":""},"class_list":["post-546","page","type-page","status-publish","hentry"],"_links":{"self":[{"href":"https:\/\/sftecnic.com\/es\/wp-json\/wp\/v2\/pages\/546","targetHints":{"allow":["GET"]}}],"collection":[{"href":"https:\/\/sftecnic.com\/es\/wp-json\/wp\/v2\/pages"}],"about":[{"href":"https:\/\/sftecnic.com\/es\/wp-json\/wp\/v2\/types\/page"}],"author":[{"embeddable":true,"href":"https:\/\/sftecnic.com\/es\/wp-json\/wp\/v2\/users\/3"}],"replies":[{"embeddable":true,"href":"https:\/\/sftecnic.com\/es\/wp-json\/wp\/v2\/comments?post=546"}],"version-history":[{"count":1,"href":"https:\/\/sftecnic.com\/es\/wp-json\/wp\/v2\/pages\/546\/revisions"}],"predecessor-version":[{"id":547,"href":"https:\/\/sftecnic.com\/es\/wp-json\/wp\/v2\/pages\/546\/revisions\/547"}],"wp:attachment":[{"href":"https:\/\/sftecnic.com\/es\/wp-json\/wp\/v2\/media?parent=546"}],"curies":[{"name":"wp","href":"https:\/\/api.w.org\/{rel}","templated":true}]}}